{"id":8,"date":"2024-08-08T19:32:43","date_gmt":"2024-08-08T19:32:43","guid":{"rendered":"https:\/\/affectionate-fermi.62-108-41-21.plesk.page\/?page_id=8"},"modified":"2026-01-27T21:54:21","modified_gmt":"2026-01-27T21:54:21","slug":"8-2","status":"publish","type":"page","link":"https:\/\/dpsg-hohenbaden.de\/","title":{"rendered":"\u00dcber uns"},"content":{"rendered":"<p>[et_pb_section fb_built=&#8220;1&#8243; fullwidth=&#8220;on&#8220; _builder_version=&#8220;4.25.0&#8243; _module_preset=&#8220;default&#8220; background_enable_color=&#8220;off&#8220; use_background_color_gradient=&#8220;on&#8220; background_color_gradient_stops=&#8220;rgba(43,135,218,0.46) 0%|#29c4a9 100%&#8220; background_color_gradient_overlays_image=&#8220;on&#8220; global_colors_info=&#8220;{}&#8220; custom_margin__hover_enabled=&#8220;off|desktop&#8220;][et_pb_fullwidth_header title=&#8220;Willkommen bei den Pfadfindern der DSGP Hohenbaden&#8220; button_one_text=&#8220;Entdecke unsere Gruppen&#8220; _builder_version=&#8220;4.25.0&#8243; _module_preset=&#8220;default&#8220; title_font=&#8220;|700|||||||&#8220; content_font_size=&#8220;18px&#8220; background_enable_color=&#8220;off&#8220; use_background_color_gradient=&#8220;on&#8220; background_color_gradient_direction=&#8220;85deg&#8220; background_color_gradient_stops=&#8220;rgba(110,188,115,0.59) 34%|rgba(255,255,255,0) 99%&#8220; background_color_gradient_overlays_image=&#8220;on&#8220; background_image=&#8220;https:\/\/dpsg-hohenbaden.de\/wp-content\/uploads\/2024\/08\/Design-ohne-Titel-4.jpg&#8220; custom_button_one=&#8220;on&#8220; button_one_bg_color=&#8220;#6EBC73&#8243; button_one_border_width=&#8220;0px&#8220; button_one_font=&#8220;|600|||||||&#8220; button_one_icon=&#8220;&#x39;||divi||400&#8243; button_one_on_hover=&#8220;off&#8220; custom_padding=&#8220;100px||100px||false|false&#8220; global_colors_info=&#8220;{}&#8220;]<\/p>\n<p>Der Stamm Hohenbaden exisitert seit 1958 und seit dem leben wir nach dem Pfadfinder-Motto &#8222;Allzeit bereit&#8220;. Auf dieser Seite geben wir euch einen Einblick in unseren Stamm.<\/p>\n<p>[\/et_pb_fullwidth_header][\/et_pb_section][et_pb_section fb_built=&#8220;1&#8243; _builder_version=&#8220;4.25.0&#8243; _module_preset=&#8220;default&#8220; global_colors_info=&#8220;{}&#8220;][et_pb_row _builder_version=&#8220;4.25.0&#8243; _module_preset=&#8220;default&#8220; global_colors_info=&#8220;{}&#8220;][et_pb_column type=&#8220;4_4&#8243; _builder_version=&#8220;4.25.0&#8243; _module_preset=&#8220;default&#8220; global_colors_info=&#8220;{}&#8220;][et_pb_text _builder_version=&#8220;4.25.0&#8243; _module_preset=&#8220;default&#8220; global_colors_info=&#8220;{}&#8220;]<\/p>\n<div class=\"content__header pt-5\">\n<section class=\"container\">\n<div class=\"row\">\n<div class=\"col-12\">\n<h1 class=\"page-title\"><strong>\u00dcber uns<\/strong><\/h1>\n<\/div>\n<\/div>\n<\/section>\n<\/div>\n<div class=\"content__main\">\n<section class=\"container\">\n<div class=\"row\">\n<div class=\"col-12\">\n<p><strong>Allzeit bereit!<\/strong><\/p>\n<p>Das ist das Motto der Pfadfinder. Wir sind immer bereit uns f\u00fcr uns selbst und andere einzusetzen.<\/p>\n<p>Der Stamm Hohenbaden existiert seit 1958, doch seit einigen Jahren gab es so wenige Mitglieder, dass die Aktivit\u00e4ten eingestellt wurde. Nun lassen wir die Pfadfinder Hohenbaden wieder aufleben! 3 motivierte junge Erwachsene begannen den Gruppenraum herzurichten und Gruppenstunden zu organisieren. Dank ihrem Engagement sind wir mittlerweile 11 aktive Mitglieder.<\/p>\n<p>Wir m\u00f6chten mit unserem Stammesheim einen Raum schaffen, in dem sich Kinder, \u00a0Jugendliche und junge Erwachsene w\u00e4hrend den Gruppenstunden und Aktionen wohlf\u00fchlen k\u00f6nnen. Jeder unserer Mitglieder darf jederzeit die R\u00e4ume mitgestalten und Leben in unsere 4 W\u00e4nde bringen! Dabei freuen wir uns \u00fcber kreative Ideen, die wir gemeinsam umsetzen k\u00f6nnen.<\/p>\n<\/div>\n<\/div>\n<\/section>\n<\/div>\n<p>[\/et_pb_text][\/et_pb_column][\/et_pb_row][et_pb_row _builder_version=&#8220;4.25.0&#8243; _module_preset=&#8220;default&#8220; global_colors_info=&#8220;{}&#8220;][et_pb_column type=&#8220;4_4&#8243; _builder_version=&#8220;4.25.0&#8243; _module_preset=&#8220;default&#8220; global_colors_info=&#8220;{}&#8220;][et_pb_image src=&#8220;https:\/\/dpsg-hohenbaden.de\/wp-content\/uploads\/2026\/01\/Screenshot_20260125_214118_Word.jpg&#8220; _builder_version=&#8220;4.25.0&#8243; _module_preset=&#8220;default&#8220; title_text=&#8220;Screenshot_20260125_214118_Word&#8220; hover_enabled=&#8220;0&#8243; sticky_enabled=&#8220;0&#8243;][\/et_pb_image][\/et_pb_column][\/et_pb_row][\/et_pb_section]<\/p>\n","protected":false},"excerpt":{"rendered":"<p>Der Stamm Hohenbaden exisitert seit 1958 und seit dem leben wir nach dem Pfadfinder-Motto &#8222;Allzeit bereit&#8220;. Auf dieser Seite geben wir euch einen Einblick in unseren Stamm. \u00dcber uns Allzeit bereit! Das ist das Motto der Pfadfinder. Wir sind immer bereit uns f\u00fcr uns selbst und andere einzusetzen. Der Stamm Hohenbaden existiert seit 1958, doch [&hellip;]<\/p>\n","protected":false},"author":1,"featured_media":0,"parent":0,"menu_order":0,"comment_status":"closed","ping_status":"closed","template":"","meta":{"_et_pb_use_builder":"on","_et_pb_old_content":"","_et_gb_content_width":"","footnotes":""},"class_list":["post-8","page","type-page","status-publish","hentry"],"_links":{"self":[{"href":"https:\/\/dpsg-hohenbaden.de\/index.php\/wp-json\/wp\/v2\/pages\/8","targetHints":{"allow":["GET"]}}],"collection":[{"href":"https:\/\/dpsg-hohenbaden.de\/index.php\/wp-json\/wp\/v2\/pages"}],"about":[{"href":"https:\/\/dpsg-hohenbaden.de\/index.php\/wp-json\/wp\/v2\/types\/page"}],"author":[{"embeddable":true,"href":"https:\/\/dpsg-hohenbaden.de\/index.php\/wp-json\/wp\/v2\/users\/1"}],"replies":[{"embeddable":true,"href":"https:\/\/dpsg-hohenbaden.de\/index.php\/wp-json\/wp\/v2\/comments?post=8"}],"version-history":[{"count":9,"href":"https:\/\/dpsg-hohenbaden.de\/index.php\/wp-json\/wp\/v2\/pages\/8\/revisions"}],"predecessor-version":[{"id":89,"href":"https:\/\/dpsg-hohenbaden.de\/index.php\/wp-json\/wp\/v2\/pages\/8\/revisions\/89"}],"wp:attachment":[{"href":"https:\/\/dpsg-hohenbaden.de\/index.php\/wp-json\/wp\/v2\/media?parent=8"}],"curies":[{"name":"wp","href":"https:\/\/api.w.org\/{rel}","templated":true}]}}